{"id":313,"date":"2023-12-26T18:16:53","date_gmt":"2023-12-26T10:16:53","guid":{"rendered":"https:\/\/alphaprobiotech.com\/?post_type=product&#038;p=313"},"modified":"2023-12-27T14:28:44","modified_gmt":"2023-12-27T06:28:44","slug":"distillate-collector-for-hplc-system","status":"publish","type":"product","link":"https:\/\/alphaprobiotech.com\/de\/produkt\/distillate-collector-for-hplc-system\/","title":{"rendered":"Destillatsammler f\u00fcr HPLC-System"},"content":{"rendered":"<h1>Destillat-Sammler<\/h1>\n<table width=\"438\">\n<tbody>\n<tr>\n<td width=\"125\"><b>Typ<\/b><\/td>\n<td width=\"314\"><b>FC200\/FC3000<\/b><b> Destillat-Sammler<\/b><\/td>\n<\/tr>\n<tr>\n<td width=\"125\"><b>Durchflussbereiche<\/b><\/td>\n<td width=\"314\">100-1000 ml\/min (FC200); 0-3000 ml\/min (FC3000)<\/td>\n<\/tr>\n<tr>\n<td width=\"125\"><b>Beispiel-Kanal<\/b><\/td>\n<td width=\"314\">8 Kan\u00e4le<\/p>\n<p>(1 f\u00fcr fl\u00fcssige Abf\u00e4lle, 7 f\u00fcr die Sammlung)<\/td>\n<\/tr>\n<tr>\n<td width=\"125\"><b>Erhebungsmethode<\/b><\/td>\n<td width=\"314\">Zeit\/Spitze\/Gef\u00e4lle<\/td>\n<\/tr>\n<tr>\n<td width=\"125\"><b>Gr\u00f6\u00dfe (LWH)<\/b><\/td>\n<td width=\"314\">488*380*215mm<\/td>\n<\/tr>\n<tr>\n<td width=\"125\"><b>Kontrollmodus<\/b><\/td>\n<td width=\"314\">RS232 oder LAN<\/td>\n<\/tr>\n<tr>\n<td width=\"125\"><b>Strom<\/b><\/td>\n<td width=\"314\">75W<\/td>\n<\/tr>\n<tr>\n<td width=\"125\"><b>Gewicht<\/b><\/td>\n<td width=\"314\">10Kg<\/td>\n<\/tr>\n<\/tbody>\n<\/table>\n<table width=\"439\">\n<tbody>\n<tr>\n<td width=\"124\"><b>Typ<\/b><\/td>\n<td width=\"316\"><b>FC100<\/b> <b>Destillat-Sammler<\/b><\/td>\n<\/tr>\n<tr>\n<td width=\"124\"><b>Durchflussbereiche<\/b><\/td>\n<td width=\"316\">0,001-200 ml\/min<\/td>\n<\/tr>\n<tr>\n<td width=\"124\"><b>Sammlungsmodus<\/b><\/td>\n<td width=\"316\">Automatisch\/Halbautomatisch<\/td>\n<\/tr>\n<tr>\n<td width=\"124\"><b>Sammlung Zustand<\/b><\/td>\n<td width=\"316\">Zeit\/Lautst\u00e4rke\/Spitze\/Spitze<\/td>\n<\/tr>\n<tr>\n<td width=\"124\"><b>Probe Volumen<\/b><\/p>\n<p><b>(1 als Standard)<\/b><\/td>\n<td width=\"316\">120 Positionen (\u03a615x150mm, 15mL Glasr\u00f6hrchen)<br \/>\n88 Position (\u03a617x120mm, 15mL Zentrifugenr\u00f6hrchen)<br \/>\n42 Bits (\u03a628x115mm, 50mL Zentrifugenr\u00f6hrchen)<\/td>\n<\/tr>\n<tr>\n<td width=\"124\"><b>Kontrollmodus<\/b><\/td>\n<td width=\"316\">RS232 oder LAN<\/td>\n<\/tr>\n<tr>\n<td width=\"124\"><b>Gr\u00f6\u00dfe (LWH)<\/b><\/td>\n<td width=\"316\">260*240*350 mm (B*H*T)<\/td>\n<\/tr>\n<tr>\n<td width=\"124\"><b>Strom<\/b><\/td>\n<td width=\"316\">150W<\/td>\n<\/tr>\n<tr>\n<td width=\"124\"><b>Gewicht<\/b><\/td>\n<td width=\"316\">7,6 kg<\/td>\n<\/tr>\n<\/tbody>\n<\/table>\n<p>&nbsp;<\/p>\n<hr style=\"font-weight: inherit;\" \/>\n<h3><strong>Ben\u00f6tigen Sie einen individuellen Service? Kontaktieren Sie uns jetzt!<\/strong><\/h3>\n<div class=\"wpforms-container wpforms-container-full wpforms-render-modern\" id=\"wpforms-236\"><form id=\"wpforms-form-236\" class=\"wpforms-validate wpforms-form wpforms-ajax-form\" data-formid=\"236\" method=\"post\" enctype=\"multipart\/form-data\" action=\"\/de\/wp-json\/wp\/v2\/product\/313\" data-token=\"d81ff001e1786a96b83ae5d194a62aa0\" data-trp-original-action=\"\/de\/wp-json\/wp\/v2\/product\/313\"><div class=\"wpforms-head-container\"><div class=\"wpforms-title\">Kontaktieren Sie uns kostenlos<\/div><\/div><noscript class=\"wpforms-error-noscript\">Bitte aktiviere JavaScript in deinem Browser, um dieses Formular fertigzustellen.<\/noscript><div class=\"wpforms-hidden\" id=\"wpforms-error-noscript\">Bitte aktiviere JavaScript in deinem Browser, um dieses Formular fertigzustellen.<\/div><div class=\"wpforms-field-container\"><div id=\"wpforms-236-field_3-container\" class=\"wpforms-field wpforms-field-text\" data-field-id=\"3\"><label class=\"wpforms-field-label\" for=\"wpforms-236-field_3\">Name <span class=\"wpforms-required-label\" aria-hidden=\"true\">*<\/span><\/label><input type=\"text\" id=\"wpforms-236-field_3\" class=\"wpforms-field-medium wpforms-field-required\" name=\"wpforms[fields][3]\" aria-errormessage=\"wpforms-236-field_3-error\" required><\/div><div id=\"wpforms-236-field_1-container\" class=\"wpforms-field wpforms-field-email\" data-field-id=\"1\"><label class=\"wpforms-field-label\" for=\"wpforms-236-field_1\">E-Mail <span class=\"wpforms-required-label\" aria-hidden=\"true\">*<\/span><\/label><input type=\"email\" id=\"wpforms-236-field_1\" class=\"wpforms-field-medium wpforms-field-required\" name=\"wpforms[fields][1]\" spellcheck=\"false\" aria-errormessage=\"wpforms-236-field_1-error\" required><\/div><div id=\"wpforms-236-field_2-container\" class=\"wpforms-field wpforms-field-textarea\" data-field-id=\"2\"><label class=\"wpforms-field-label\" for=\"wpforms-236-field_2\">Nachricht <span class=\"wpforms-required-label\" aria-hidden=\"true\">*<\/span><\/label><textarea id=\"wpforms-236-field_2\" class=\"wpforms-field-medium wpforms-field-required\" name=\"wpforms[fields][2]\" aria-errormessage=\"wpforms-236-field_2-error\" required><\/textarea><\/div><\/div><!-- .wpforms-field-container --><div class=\"wpforms-submit-container\" ><input type=\"hidden\" name=\"wpforms[id]\" value=\"236\"><input type=\"hidden\" name=\"wpforms[author]\" value=\"1\"><button type=\"submit\" name=\"wpforms[submit]\" id=\"wpforms-submit-236\" class=\"wpforms-submit\" data-alt-text=\"Sending...\" data-submit-text=\"OK, send !\" aria-live=\"assertive\" value=\"wpforms-submit\">OK, senden!<\/button><img loading=\"lazy\" decoding=\"async\" src=\"https:\/\/alphaprobiotech.com\/wp-content\/plugins\/wpforms-lite\/assets\/images\/submit-spin.svg\" class=\"wpforms-submit-spinner\" style=\"display: none;\" width=\"26\" height=\"26\" alt=\"Wird geladen\"><\/div><input type=\"hidden\" name=\"trp-form-language\" value=\"de\"\/><\/form><\/div>  <!-- .wpforms-container -->\n<p>&nbsp;<\/p>","protected":false},"excerpt":{"rendered":"<p>Distillate Collector Type FC200\/FC3000 Distillate Collector Flow Ranges 100-1000 ml\/min(FC200); 0-3000 ml\/min(FC3000) Sample Channel 8 channels (1 for waste liquid, 7 for collection) Collection Method Time\/Peak\/Slope Size (LWH) 488*380*215mm Control Mode RS232 or LAN Power 75W Weight 10Kg Type FC100 Distillate Collector Flow Ranges 0.001-200 ml\/min Collection Mode Automatic\/Semi-Automatic Collection Condition Time\/Volume\/Slope\/Peak Sample Volume (1 [&hellip;]<\/p>","protected":false},"featured_media":66,"template":"","meta":{"site-sidebar-layout":"no-sidebar","site-content-layout":"","ast-site-content-layout":"default","site-content-style":"default","site-sidebar-style":"default","ast-global-header-display":"","ast-banner-title-visibility":"","ast-main-header-display":"","ast-hfb-above-header-display":"","ast-hfb-below-header-display":"","ast-hfb-mobile-header-display":"","site-post-title":"","ast-breadcrumbs-content":"","ast-featured-img":"","footer-sml-layout":"","theme-transparent-header-meta":"default","adv-header-id-meta":"","stick-header-meta":"","header-above-stick-meta":"","header-main-stick-meta":"","header-below-stick-meta":"","astra-migrate-meta-layouts":"set","ast-page-background-enabled":"default","ast-page-background-meta":{"desktop":{"background-color":"var(--ast-global-color-4)","background-image":"","background-repeat":"repeat","background-position":"center center","background-size":"auto","background-attachment":"scroll","background-type":"","background-media":"","overlay-type":"","overlay-color":"","overlay-gradient":""},"tablet":{"background-color":"","background-image":"","background-repeat":"repeat","background-position":"center center","background-size":"auto","background-attachment":"scroll","background-type":"","background-media":"","overlay-type":"","overlay-color":"","overlay-gradient":""},"mobile":{"background-color":"","background-image":"","background-repeat":"repeat","background-position":"center center","background-size":"auto","background-attachment":"scroll","background-type":"","background-media":"","overlay-type":"","overlay-color":"","overlay-gradient":""}},"ast-content-background-meta":{"desktop":{"background-color":"var(--ast-global-color-5)","background-image":"","background-repeat":"repeat","background-position":"center center","background-size":"auto","background-attachment":"scroll","background-type":"","background-media":"","overlay-type":"","overlay-color":"","overlay-gradient":""},"tablet":{"background-color":"var(--ast-global-color-5)","background-image":"","background-repeat":"repeat","background-position":"center center","background-size":"auto","background-attachment":"scroll","background-type":"","background-media":"","overlay-type":"","overlay-color":"","overlay-gradient":""},"mobile":{"background-color":"var(--ast-global-color-5)","background-image":"","background-repeat":"repeat","background-position":"center center","background-size":"auto","background-attachment":"scroll","background-type":"","background-media":"","overlay-type":"","overlay-color":"","overlay-gradient":""}}},"product_cat":[19],"product_tag":[20,23],"_links":{"self":[{"href":"https:\/\/alphaprobiotech.com\/de\/wp-json\/wp\/v2\/product\/313"}],"collection":[{"href":"https:\/\/alphaprobiotech.com\/de\/wp-json\/wp\/v2\/product"}],"about":[{"href":"https:\/\/alphaprobiotech.com\/de\/wp-json\/wp\/v2\/types\/product"}],"wp:featuredmedia":[{"embeddable":true,"href":"https:\/\/alphaprobiotech.com\/de\/wp-json\/wp\/v2\/media\/66"}],"wp:attachment":[{"href":"https:\/\/alphaprobiotech.com\/de\/wp-json\/wp\/v2\/media?parent=313"}],"wp:term":[{"taxonomy":"product_cat","embeddable":true,"href":"https:\/\/alphaprobiotech.com\/de\/wp-json\/wp\/v2\/product_cat?post=313"},{"taxonomy":"product_tag","embeddable":true,"href":"https:\/\/alphaprobiotech.com\/de\/wp-json\/wp\/v2\/product_tag?post=313"}],"curies":[{"name":"wp","href":"https:\/\/api.w.org\/{rel}","templated":true}]}}