{"id":546,"date":"2024-01-04T15:47:33","date_gmt":"2024-01-04T07:47:33","guid":{"rendered":"https:\/\/alphaprobiotech.com\/?page_id=546"},"modified":"2024-01-04T20:06:58","modified_gmt":"2024-01-04T12:06:58","slug":"service","status":"publish","type":"page","link":"https:\/\/alphaprobiotech.com\/de\/service\/","title":{"rendered":"Dienst"},"content":{"rendered":"<h1>\n\t\tUnsere Dienstleistungen\n\t<\/h1>\n\t<p>HPLC-System, DAC-System, HPLC-S\u00e4ulen und Verpackungsmaterial. Alphapro Biotech bietet L\u00f6sungen aus einer Hand f\u00fcr Ihre Forschung und industrielle Anwendung.<\/p>\n\t\t\t<a href=\"https:\/\/alphaprobiotech.com\/de\/contact-us\/\" target=\"_blank\" rel=\"noopener\">\n\t\t\t\t\t\t\tDienste erkunden\n\t\t\t<\/a>\n\t\t\t\t<img loading=\"lazy\" decoding=\"async\" src=\"https:\/\/alphaprobiotech.com\/wp-content\/uploads\/2024\/01\/background.jpg\" alt=\"background\" itemprop=\"image\" height=\"375\" width=\"500\" title=\"Hintergrund\" onerror=\"this.style.display='none'\"  \/>\n\t<h3>Standardlabor f\u00fcr die t\u00e4gliche Forschung<\/h3>\n<p>Alphapro Biotech verf\u00fcgt nicht nur \u00fcber selbstentwickelte Systeme f\u00fcr die Produktentwicklung, sondern auch \u00fcber Testsysteme von Waters, Agilent und Shimadzu. Wir garantieren, dass unsere Systeme mit der \u00fcberwiegenden Mehrheit der auf dem Markt befindlichen Ger\u00e4te kompatibel sind, mit paralleler Vergleichbarkeit und Genauigkeit.<\/p>\n\t<h3>F&amp;E Forschung<\/h3>\n<p>Alphapro Biotech liefert das Verpackungsmaterial und die Hardware f\u00fcr das Fl\u00fcssigchromatographiesystem. Die Matrix der derzeitigen Packungsmaterialien ist Kieselgel. In der Entwicklung befindliche Materialien sind PSDVB-Partikel. F\u00fcr die Hardware werden 316L-Edelstahl, Schott-Glas, PEEK, PTFE und Hastelloy C verwendet, die auf dem internationalen Markt weit verbreitet sind. Wir stellen sicher, dass unsere Produktionsentwicklungsrichtung und unsere Produkte genau Ihren Bed\u00fcrfnissen entsprechen.<\/p>\n\t\t\t\t<img loading=\"lazy\" decoding=\"async\" src=\"https:\/\/alphaprobiotech.com\/wp-content\/uploads\/2024\/01\/56.jpg\" alt=\"56\" itemprop=\"image\" height=\"375\" width=\"500\" title=\"56\" onerror=\"this.style.display='none'\"  \/>\n<h2>\n\t\tService-Team\n\t<\/h2>\n\t\t\t\t<img loading=\"lazy\" decoding=\"async\" src=\"https:\/\/alphaprobiotech.com\/wp-content\/uploads\/2024\/01\/3.jpg\" alt=\"3\" itemprop=\"image\" height=\"300\" width=\"300\" title=\"3\" onerror=\"this.style.display='none'\"  \/>\n\t\t\t\t<img loading=\"lazy\" decoding=\"async\" src=\"https:\/\/alphaprobiotech.com\/wp-content\/uploads\/2024\/01\/2.jpg\" alt=\"2\" itemprop=\"image\" height=\"300\" width=\"300\" title=\"2\" onerror=\"this.style.display='none'\"  \/>\n\t\t\t\t<img loading=\"lazy\" decoding=\"async\" src=\"https:\/\/alphaprobiotech.com\/wp-content\/uploads\/2024\/01\/1.jpg\" alt=\"1\" itemprop=\"image\" height=\"300\" width=\"300\" title=\"1\" onerror=\"this.style.display='none'\"  \/>\n\t\t\t\t<img loading=\"lazy\" decoding=\"async\" src=\"https:\/\/alphaprobiotech.com\/wp-content\/uploads\/2024\/01\/4.jpg\" alt=\"4\" itemprop=\"image\" height=\"300\" width=\"300\" title=\"4\" onerror=\"this.style.display='none'\"  \/>\n<h2>\n\t\tUnser Service umfasst\n\t<\/h2>\n\t<p>HPLC-Systeme, DAC-Systeme, HPLC-S\u00e4ule, Verpackungsmaterial<\/p>\n\t<p>Komplette Anlagenmontage, Software-Fehlerbehebung und Maschinenabnahme<\/p>\n\t<p>Die Aktualisierung von Hardware, Verpackungsmaterial und Software<\/p>\n\t<p>Optionaler kostenpflichtiger Service f\u00fcr gro\u00dfe Komplettger\u00e4te<\/p>\n\t<p>Zu jedem Produkt gibt es entsprechende Support-Dokumente und technischen Service<\/p>\n\t<p>Das Verkaufsteam antwortet schnell und pr\u00e4zise. Wir werden Ihre Nachrichten innerhalb von 12 Stunden beantworten.<\/p>\n<h2>\n\t\tFallstudien\n\t<\/h2>\n\t<p>HPLC-System und DAC-System werden f\u00fcr die biochemische Reinigung im industriellen Bereich kombiniert. Im Vergleich zu herk\u00f6mmlichen pr\u00e4parativen HPLC-S\u00e4ulen verf\u00fcgt das DAC-System \u00fcber ein automatisches Packsystem, das die Packmaterialien innerhalb bestimmter Nutzungszeiten ein- und auspacken kann. Die Packungsmaterialien k\u00f6nnen gr\u00fcndlich gesp\u00fclt werden.<\/p>\n<h2>\n\t\tBrauchen Sie Hilfe? Kontaktieren Sie uns jetzt!\n\t<\/h2>\n\t\t\t<a href=\"https:\/\/alphaprobiotech.com\/de\/contact-us\/\" target=\"_self\" rel=\"noopener\">\n\t\t\t\t\t\t\tEine Dienstleistung online buchen\n\t\t\t<\/a>","protected":false},"excerpt":{"rendered":"<p>Our services HPLC system, DAC system, HPLC columns and packing materials. Alphapro Biotech provide one-stop solutions for your research and industrial application. Explore services Standard Laboratory For Daily Research Alphapro Biotech not only have self-developed systems for product development, but we also have testing systems like Waters, Agilent and Shimadzu. We guarantee that our systems [&hellip;]<\/p>","protected":false},"author":1,"featured_media":0,"parent":0,"menu_order":0,"comment_status":"closed","ping_status":"closed","template":"","meta":{"site-sidebar-layout":"default","site-content-layout":"","ast-site-content-layout":"full-width-container","site-content-style":"boxed","site-sidebar-style":"default","ast-global-header-display":"","ast-banner-title-visibility":"","ast-main-header-display":"","ast-hfb-above-header-display":"","ast-hfb-below-header-display":"","ast-hfb-mobile-header-display":"","site-post-title":"disabled","ast-breadcrumbs-content":"","ast-featured-img":"","footer-sml-layout":"","theme-transparent-header-meta":"","adv-header-id-meta":"","stick-header-meta":"","header-above-stick-meta":"","header-main-stick-meta":"","header-below-stick-meta":"","astra-migrate-meta-layouts":"default","ast-page-background-enabled":"default","ast-page-background-meta":{"desktop":{"background-color":"var(--ast-global-color-4)","background-image":"","background-repeat":"repeat","background-position":"center center","background-size":"auto","background-attachment":"scroll","background-type":"","background-media":"","overlay-type":"","overlay-color":"","overlay-gradient":""},"tablet":{"background-color":"","background-image":"","background-repeat":"repeat","background-position":"center center","background-size":"auto","background-attachment":"scroll","background-type":"","background-media":"","overlay-type":"","overlay-color":"","overlay-gradient":""},"mobile":{"background-color":"","background-image":"","background-repeat":"repeat","background-position":"center center","background-size":"auto","background-attachment":"scroll","background-type":"","background-media":"","overlay-type":"","overlay-color":"","overlay-gradient":""}},"ast-content-background-meta":{"desktop":{"background-color":"var(--ast-global-color-5)","background-image":"","background-repeat":"repeat","background-position":"center center","background-size":"auto","background-attachment":"scroll","background-type":"","background-media":"","overlay-type":"","overlay-color":"","overlay-gradient":""},"tablet":{"background-color":"var(--ast-global-color-5)","background-image":"","background-repeat":"repeat","background-position":"center center","background-size":"auto","background-attachment":"scroll","background-type":"","background-media":"","overlay-type":"","overlay-color":"","overlay-gradient":""},"mobile":{"background-color":"var(--ast-global-color-5)","background-image":"","background-repeat":"repeat","background-position":"center center","background-size":"auto","background-attachment":"scroll","background-type":"","background-media":"","overlay-type":"","overlay-color":"","overlay-gradient":""}},"footnotes":""},"_links":{"self":[{"href":"https:\/\/alphaprobiotech.com\/de\/wp-json\/wp\/v2\/pages\/546"}],"collection":[{"href":"https:\/\/alphaprobiotech.com\/de\/wp-json\/wp\/v2\/pages"}],"about":[{"href":"https:\/\/alphaprobiotech.com\/de\/wp-json\/wp\/v2\/types\/page"}],"author":[{"embeddable":true,"href":"https:\/\/alphaprobiotech.com\/de\/wp-json\/wp\/v2\/users\/1"}],"replies":[{"embeddable":true,"href":"https:\/\/alphaprobiotech.com\/de\/wp-json\/wp\/v2\/comments?post=546"}],"version-history":[{"count":4,"href":"https:\/\/alphaprobiotech.com\/de\/wp-json\/wp\/v2\/pages\/546\/revisions"}],"predecessor-version":[{"id":563,"href":"https:\/\/alphaprobiotech.com\/de\/wp-json\/wp\/v2\/pages\/546\/revisions\/563"}],"wp:attachment":[{"href":"https:\/\/alphaprobiotech.com\/de\/wp-json\/wp\/v2\/media?parent=546"}],"curies":[{"name":"wp","href":"https:\/\/api.w.org\/{rel}","templated":true}]}}