{"id":472,"date":"2023-12-30T19:05:59","date_gmt":"2023-12-30T11:05:59","guid":{"rendered":"https:\/\/alphaprobiotech.com\/?page_id=472"},"modified":"2024-01-03T20:06:47","modified_gmt":"2024-01-03T12:06:47","slug":"chromatography-resin","status":"publish","type":"page","link":"https:\/\/alphaprobiotech.com\/de\/chromatography-resin\/","title":{"rendered":"Chromatographie-Harz"},"content":{"rendered":"<h1>\n\t\tChromatographie-Harz\n\t<\/h1>\n<p>Chromatographieharz ist eine wichtige Komponente in der Chromatographie, einer Methode zur Trennung und Analyse komplexer Gemische. Harze wie C18, C8 und Kieselgel werden als station\u00e4re Phasen in verschiedenen Formen der Chromatographie, einschlie\u00dflich Fl\u00fcssig- und Gaschromatographie, verwendet.<\/p>\n<p>C18-Harz, auch bekannt als Octadecylsilan, ist stark hydrophob und wird \u00fcblicherweise in der Umkehrphasenchromatographie zur Trennung unpolarer Verbindungen verwendet. C8-Harz mit einer etwas k\u00fcrzeren Kohlenwasserstoffkette als C18 bietet etwas weniger Hydrophobie und wird ebenfalls in Umkehrphasenanwendungen eingesetzt, allerdings mit anderen Selektivit\u00e4tseigenschaften.<\/p>\n<p>Kieselgelharz hingegen ist eine polare station\u00e4re Phase, die in der Normalphasenchromatografie verwendet wird. Es ist wirksam bei der Trennung polarer Verbindungen und bekannt f\u00fcr seine gro\u00dfe Oberfl\u00e4che und Robustheit. Jede Art von Harz bietet einzigartige Eigenschaften, die es f\u00fcr bestimmte Arten von Analysen und Trennungen in der Chromatographie geeignet machen.<\/p>\n\n<p><b>Umgekehrte Phase Chromatographie-Harz<\/b><\/p>\n<table width=\"1018\">\n<tbody>\n<tr>\n<td width=\"98\"><strong>Produkte<\/strong><\/td>\n<td width=\"90\"><strong>Partikelgr\u00f6\u00dfe<\/strong><\/td>\n<td width=\"76\"><strong>Porengr\u00f6\u00dfe<\/strong><\/td>\n<td width=\"108\"><strong>Fl\u00e4che<\/strong><\/td>\n<td width=\"99\"><strong>Kohlenstoffgehalt<\/strong><\/td>\n<td width=\"85\"><strong>pH-Bereich<\/strong><\/td>\n<td width=\"85\"><strong>Endkappen<\/strong><\/td>\n<\/tr>\n<tr>\n<td width=\"98\">C18M<\/td>\n<td width=\"90\">3\/5\/8\/10\/20\/30\/50 um<\/td>\n<td width=\"76\">120\u00c5<\/td>\n<td width=\"108\">330m<sup>2<\/sup>\/g<\/td>\n<td width=\"99\">16%<\/td>\n<td width=\"85\">2-8<\/td>\n<td width=\"85\">Ja<\/td>\n<\/tr>\n<tr>\n<td width=\"98\">C18H<\/td>\n<td width=\"90\">5\/8\/10 um<\/td>\n<td width=\"76\">120\u00c5<\/td>\n<td width=\"108\">330m<sup>2<\/sup>\/g<\/td>\n<td width=\"99\">20%<\/td>\n<td width=\"85\">2-11<\/td>\n<td width=\"85\">Ja<\/td>\n<\/tr>\n<tr>\n<td width=\"98\">C18L<\/td>\n<td width=\"90\">5\/10 um<\/td>\n<td width=\"76\">120\u00c5<\/td>\n<td width=\"108\">330m<sup>2<\/sup>\/g<\/td>\n<td width=\"99\">13%<\/td>\n<td width=\"85\">2-8<\/td>\n<td width=\"85\">Ja<\/td>\n<\/tr>\n<tr>\n<td width=\"98\">C8<\/td>\n<td width=\"90\">3\/5\/8\/10\/20\/30\/50 um<\/td>\n<td width=\"76\">120\u00c5<\/td>\n<td width=\"108\">330m<sup>2<\/sup>\/g<\/td>\n<td width=\"99\">12%<\/td>\n<td width=\"85\">2-8<\/td>\n<td width=\"85\">Ja<\/td>\n<\/tr>\n<tr>\n<td width=\"98\">C4 Bio<\/td>\n<td width=\"90\">5\/10 um<\/td>\n<td width=\"76\">300\u00c5<\/td>\n<td width=\"108\">100m<sup>2<\/sup>\/g<\/td>\n<td width=\"99\">3%<\/td>\n<td width=\"85\">2-8<\/td>\n<td width=\"85\">Ja<\/td>\n<\/tr>\n<tr>\n<td width=\"98\">C8 Bio<\/td>\n<td width=\"90\">5\/10 um<\/td>\n<td width=\"76\">300\u00c5<\/td>\n<td width=\"108\">100m<sup>2<\/sup>\/g<\/td>\n<td width=\"99\">5%<\/td>\n<td width=\"85\">2-8<\/td>\n<td width=\"85\">Ja<\/td>\n<\/tr>\n<tr>\n<td width=\"98\">C18 Bio<\/td>\n<td width=\"90\">5\/10 um<\/td>\n<td width=\"76\">300\u00c5<\/td>\n<td width=\"108\">100m<sup>2<\/sup>\/g<\/td>\n<td width=\"99\">8%<\/td>\n<td width=\"85\">2-8<\/td>\n<td width=\"85\">Ja<\/td>\n<\/tr>\n<tr>\n<td width=\"98\">Phenyl<\/td>\n<td width=\"90\">5\/10 um<\/td>\n<td width=\"76\">120\u00c5<\/td>\n<td width=\"108\">330m<sup>2<\/sup>\/g<\/td>\n<td width=\"99\">8%<\/td>\n<td width=\"85\">2-8<\/td>\n<td width=\"85\">Ja<\/td>\n<\/tr>\n<\/tbody>\n<\/table>\n<p><em>Die Parameter werden auf der Grundlage der den Produkten beigef\u00fcgten Analysebescheinigung festgelegt.<\/em><\/p>\n\t\t\t\t<a href=\"https:\/\/alphaprobiotech.com\/de\/produkt\/c18-silica-gel\/\" target=\"_blank\" rel=\"noopener\" itemprop=\"url\">\n\t\t\t\t<img loading=\"lazy\" decoding=\"async\" src=\"https:\/\/alphaprobiotech.com\/wp-content\/uploads\/2023\/12\/resin.jpg\" alt=\"alphapro chromatography resin\" itemprop=\"image\" height=\"500\" width=\"500\" title=\"alphapro Chromatographie-Harz\" onerror=\"this.style.display='none'\"  \/>\n\t\t\t\t<\/a>\n\t<h3>C18 Kieselgel<\/h3>\n\t\t\t\t<a href=\"https:\/\/alphaprobiotech.com\/de\/produkt\/c8-silica-gel\/\" target=\"_blank\" rel=\"noopener\" itemprop=\"url\">\n\t\t\t\t<img loading=\"lazy\" decoding=\"async\" src=\"https:\/\/alphaprobiotech.com\/wp-content\/uploads\/2023\/12\/resin.jpg\" alt=\"alphapro chromatography resin\" itemprop=\"image\" height=\"500\" width=\"500\" title=\"alphapro Chromatographie-Harz\" onerror=\"this.style.display='none'\"  \/>\n\t\t\t\t<\/a>\n\t<h3>C8 Kiesels\u00e4ure-Gel<\/h3>\n\t\t\t\t<a href=\"https:\/\/alphaprobiotech.com\/de\/produkt\/c4-silica-gel\/\" target=\"_blank\" rel=\"noopener\" itemprop=\"url\">\n\t\t\t\t<img loading=\"lazy\" decoding=\"async\" src=\"https:\/\/alphaprobiotech.com\/wp-content\/uploads\/2023\/12\/resin.jpg\" alt=\"alphapro chromatography resin\" itemprop=\"image\" height=\"500\" width=\"500\" title=\"alphapro Chromatographie-Harz\" onerror=\"this.style.display='none'\"  \/>\n\t\t\t\t<\/a>\n\t<h3>C4 Kieselgel<\/h3>\n\t\t\t\t<a href=\"https:\/\/alphaprobiotech.com\/de\/produkt\/phenyl-silica-gel\/\" target=\"_blank\" rel=\"noopener\" itemprop=\"url\">\n\t\t\t\t<img loading=\"lazy\" decoding=\"async\" src=\"https:\/\/alphaprobiotech.com\/wp-content\/uploads\/2023\/12\/resin.jpg\" alt=\"alphapro chromatography resin\" itemprop=\"image\" height=\"500\" width=\"500\" title=\"alphapro Chromatographie-Harz\" onerror=\"this.style.display='none'\"  \/>\n\t\t\t\t<\/a>\n\t<h3>Phenyl-Kiesels\u00e4ure-Gel<\/h3>\n<b><br \/>\nNormalphasen-Chromatographie-Harz<\/b>\n<table width=\"641\">\n<tbody>\n<tr>\n<td width=\"91\"><strong>Produkte<\/strong><\/td>\n<td width=\"96\"><strong>Partikelgr\u00f6\u00dfe<\/strong><\/td>\n<td width=\"89\"><strong>Porengr\u00f6\u00dfe<\/strong><\/td>\n<td width=\"93\"><strong>Oberfl\u00e4che\u00a0<\/strong><strong>Bereich<\/strong><\/td>\n<td width=\"90\"><strong>Kohlenstoff\u00a0<\/strong><strong>Inhalt<\/strong><\/td>\n<td width=\"91\"><strong>pH-Bereich<\/strong><\/td>\n<td width=\"91\"><strong>Endkappen<\/strong><\/td>\n<\/tr>\n<tr>\n<td width=\"91\">SiO<sub>2<\/sub><\/td>\n<td width=\"96\">3\/5\/8\/10\/20\/30\/50 um<\/td>\n<td width=\"89\">120\u00c5<\/td>\n<td width=\"93\">330m<sup>2<\/sup>\/g<\/td>\n<td width=\"90\">&#8211;<\/td>\n<td width=\"91\">2-8<\/td>\n<td width=\"91\">&#8211;<\/td>\n<\/tr>\n<tr>\n<td width=\"91\">SiO<sub>2\u00a0<\/sub>Bio<\/td>\n<td width=\"96\">5\/10 um<\/td>\n<td width=\"89\">300\u00c5<\/td>\n<td width=\"93\">330m<sup>2<\/sup>\/g<\/td>\n<td width=\"90\">&#8211;<\/td>\n<td width=\"91\">2-8<\/td>\n<td width=\"91\">&#8211;<\/td>\n<\/tr>\n<tr>\n<td width=\"91\">NH<sub>2<\/sub><\/td>\n<td width=\"96\">5\/10 um<\/td>\n<td width=\"89\">120\u00c5<\/td>\n<td width=\"93\">330m<sup>2<\/sup>\/g<\/td>\n<td width=\"90\">5%<\/td>\n<td width=\"91\">2-8<\/td>\n<td width=\"91\">Ja<\/td>\n<\/tr>\n<tr>\n<td width=\"91\">CN<\/td>\n<td width=\"96\">5\/10 um<\/td>\n<td width=\"89\">120\u00c5<\/td>\n<td width=\"93\">330m<sup>2<\/sup>\/g<\/td>\n<td width=\"90\">7%<\/td>\n<td width=\"91\">2-8<\/td>\n<td width=\"91\">Ja<\/td>\n<\/tr>\n<tr>\n<td width=\"91\">Diol<\/td>\n<td width=\"96\">5\/10 um<\/td>\n<td width=\"89\">120\u00c5<\/td>\n<td width=\"93\">330m<sup>2<\/sup>\/g<\/td>\n<td width=\"90\">8%<\/td>\n<td width=\"91\">2-8<\/td>\n<td width=\"91\">Ja<\/td>\n<\/tr>\n<\/tbody>\n<\/table>\n<p><em>Die Parameter werden auf der Grundlage der den Produkten beigef\u00fcgten Analysebescheinigung festgelegt.<\/em><\/p>\n\t\t\t\t<a href=\"https:\/\/alphaprobiotech.com\/de\/produkt\/silica-gel\/\" target=\"_blank\" rel=\"noopener\" itemprop=\"url\">\n\t\t\t\t<img loading=\"lazy\" decoding=\"async\" src=\"https:\/\/alphaprobiotech.com\/wp-content\/uploads\/2023\/12\/resin.jpg\" alt=\"alphapro chromatography resin\" itemprop=\"image\" height=\"500\" width=\"500\" title=\"alphapro Chromatographie-Harz\" onerror=\"this.style.display='none'\"  \/>\n\t\t\t\t<\/a>\n\t<h3>Kieselgel<\/h3>\n\t\t\t\t<a href=\"https:\/\/alphaprobiotech.com\/de\/produkt\/nh2-silica-gel\/\" target=\"_blank\" rel=\"noopener\" itemprop=\"url\">\n\t\t\t\t<img loading=\"lazy\" decoding=\"async\" src=\"https:\/\/alphaprobiotech.com\/wp-content\/uploads\/2023\/12\/resin.jpg\" alt=\"alphapro chromatography resin\" itemprop=\"image\" height=\"500\" width=\"500\" title=\"alphapro Chromatographie-Harz\" onerror=\"this.style.display='none'\"  \/>\n\t\t\t\t<\/a>\n\t<h3>NH2 Kiesels\u00e4ure-Gel<\/h3>\n\t\t\t\t<a href=\"https:\/\/alphaprobiotech.com\/de\/produkt\/cn-silica-gel\/\" target=\"_blank\" rel=\"noopener\" itemprop=\"url\">\n\t\t\t\t<img loading=\"lazy\" decoding=\"async\" src=\"https:\/\/alphaprobiotech.com\/wp-content\/uploads\/2023\/12\/resin.jpg\" alt=\"alphapro chromatography resin\" itemprop=\"image\" height=\"500\" width=\"500\" title=\"alphapro Chromatographie-Harz\" onerror=\"this.style.display='none'\"  \/>\n\t\t\t\t<\/a>\n\t<h3>CN Kieselgel<\/h3>\n\t\t\t\t<a href=\"https:\/\/alphaprobiotech.com\/de\/produkt\/diol-silica-gel\/\" target=\"_blank\" rel=\"noopener\" itemprop=\"url\">\n\t\t\t\t<img loading=\"lazy\" decoding=\"async\" src=\"https:\/\/alphaprobiotech.com\/wp-content\/uploads\/2023\/12\/resin.jpg\" alt=\"alphapro chromatography resin\" itemprop=\"image\" height=\"500\" width=\"500\" title=\"alphapro Chromatographie-Harz\" onerror=\"this.style.display='none'\"  \/>\n\t\t\t\t<\/a>\n\t<h3>Diol-Kiesels\u00e4ure-Gel<\/h3>","protected":false},"excerpt":{"rendered":"<p>Chromatography Resin Chromatography resin is a critical component in chromatography, a method used for separating and analyzing complex mixtures. Resins like C18, C8, and silica-gel are used as stationary phases in various forms of chromatography, including liquid and gas chromatography. C18 resin, also known as octadecylsilane, is highly hydrophobic and is commonly used in reverse-phase [&hellip;]<\/p>","protected":false},"author":1,"featured_media":0,"parent":0,"menu_order":0,"comment_status":"closed","ping_status":"closed","template":"","meta":{"site-sidebar-layout":"default","site-content-layout":"","ast-site-content-layout":"normal-width-container","site-content-style":"boxed","site-sidebar-style":"default","ast-global-header-display":"","ast-banner-title-visibility":"","ast-main-header-display":"","ast-hfb-above-header-display":"","ast-hfb-below-header-display":"","ast-hfb-mobile-header-display":"","site-post-title":"disabled","ast-breadcrumbs-content":"","ast-featured-img":"","footer-sml-layout":"","theme-transparent-header-meta":"","adv-header-id-meta":"","stick-header-meta":"","header-above-stick-meta":"","header-main-stick-meta":"","header-below-stick-meta":"","astra-migrate-meta-layouts":"default","ast-page-background-enabled":"default","ast-page-background-meta":{"desktop":{"background-color":"var(--ast-global-color-4)","background-image":"","background-repeat":"repeat","background-position":"center center","background-size":"auto","background-attachment":"scroll","background-type":"","background-media":"","overlay-type":"","overlay-color":"","overlay-gradient":""},"tablet":{"background-color":"","background-image":"","background-repeat":"repeat","background-position":"center center","background-size":"auto","background-attachment":"scroll","background-type":"","background-media":"","overlay-type":"","overlay-color":"","overlay-gradient":""},"mobile":{"background-color":"","background-image":"","background-repeat":"repeat","background-position":"center center","background-size":"auto","background-attachment":"scroll","background-type":"","background-media":"","overlay-type":"","overlay-color":"","overlay-gradient":""}},"ast-content-background-meta":{"desktop":{"background-color":"var(--ast-global-color-5)","background-image":"","background-repeat":"repeat","background-position":"center center","background-size":"auto","background-attachment":"scroll","background-type":"","background-media":"","overlay-type":"","overlay-color":"","overlay-gradient":""},"tablet":{"background-color":"var(--ast-global-color-5)","background-image":"","background-repeat":"repeat","background-position":"center center","background-size":"auto","background-attachment":"scroll","background-type":"","background-media":"","overlay-type":"","overlay-color":"","overlay-gradient":""},"mobile":{"background-color":"var(--ast-global-color-5)","background-image":"","background-repeat":"repeat","background-position":"center center","background-size":"auto","background-attachment":"scroll","background-type":"","background-media":"","overlay-type":"","overlay-color":"","overlay-gradient":""}},"footnotes":""},"_links":{"self":[{"href":"https:\/\/alphaprobiotech.com\/de\/wp-json\/wp\/v2\/pages\/472"}],"collection":[{"href":"https:\/\/alphaprobiotech.com\/de\/wp-json\/wp\/v2\/pages"}],"about":[{"href":"https:\/\/alphaprobiotech.com\/de\/wp-json\/wp\/v2\/types\/page"}],"author":[{"embeddable":true,"href":"https:\/\/alphaprobiotech.com\/de\/wp-json\/wp\/v2\/users\/1"}],"replies":[{"embeddable":true,"href":"https:\/\/alphaprobiotech.com\/de\/wp-json\/wp\/v2\/comments?post=472"}],"version-history":[{"count":5,"href":"https:\/\/alphaprobiotech.com\/de\/wp-json\/wp\/v2\/pages\/472\/revisions"}],"predecessor-version":[{"id":540,"href":"https:\/\/alphaprobiotech.com\/de\/wp-json\/wp\/v2\/pages\/472\/revisions\/540"}],"wp:attachment":[{"href":"https:\/\/alphaprobiotech.com\/de\/wp-json\/wp\/v2\/media?parent=472"}],"curies":[{"name":"wp","href":"https:\/\/api.w.org\/{rel}","templated":true}]}}