{"id":148,"date":"2023-12-19T15:23:52","date_gmt":"2023-12-19T07:23:52","guid":{"rendered":"https:\/\/alphaprobiotech.com\/?page_id=148"},"modified":"2023-12-20T11:55:44","modified_gmt":"2023-12-20T03:55:44","slug":"dynamic-axial-compression-column","status":"publish","type":"page","link":"https:\/\/alphaprobiotech.com\/de\/dynamic-axial-compression-column\/","title":{"rendered":"Dynamische Axialkompressionss\u00e4ule"},"content":{"rendered":"<h2>\n\t\tDynamische Axialkompressionss\u00e4ule\n\t<\/h2>\n\t<p>Das System der dynamischen Axialkompressionss\u00e4ule (DAC) ist der ausgereifteste Bereich der pr\u00e4parativen Chromatographie, der die Technologie der Packungss\u00e4ule nutzt. Die DAC-S\u00e4ule h\u00e4lt ihren eigenen Druck aufrecht, entl\u00e4dt Packungsmaterialien automatisch und fungiert als Hochleistungs-Fl\u00fcssigkeitschromatographie- und Packungss\u00e4ulenmaschine. Mit dem DAC-System k\u00f6nnen die Anforderungen an Kontinuit\u00e4t, Gleichm\u00e4\u00dfigkeit, Stabilit\u00e4t und Dichtheit des S\u00e4ulenbetts vollst\u00e4ndig erf\u00fcllt und der Einfluss des S\u00e4ulenbettkollapses eliminiert werden. Das DAC-System findet breite Anwendung in industriellen Reinigungsprozessen, z. B. bei der Peptidreinigung und der Reinigung von nat\u00fcrlichen Chemikalien.<\/p>\n<ul>\n<li>Herstellung mit einem unabh\u00e4ngigen Konstruktionsteam, um Ihre unterschiedlichen Ausr\u00fcstungsanforderungen zu erf\u00fcllen.<\/li>\n<li>Herstellung von Harzen f\u00fcr die Fl\u00fcssigkeitschromatographie. Mehrere Fl\u00fcssigchromatographieharze f\u00fcr verschiedene Anwendungen.<\/li>\n<li>Die komplette technische L\u00f6sung f\u00fcr die biochemische Isolierung und Aufreinigung.<\/li>\n<li>Bester Service nach dem Verkauf. Installation, Schulung und Ersatzteile werden bereitgestellt.<\/li>\n<li>Es sind Hilfsmittel und Komplettl\u00f6sungen erh\u00e4ltlich.<\/li>\n<\/ul>\n<p>&nbsp;<\/p>\n<p><b>Vorteile:<\/b><\/p>\n<ul>\n<li>Der Einsatz von Fachwerkschleifen im S\u00e4ulenrohr erh\u00f6ht die Lebensdauer des Hochdruckdichtrings.<\/li>\n<li>Hochwertige Siebdruckplatte, mit Zertifikat.<\/li>\n<li>Eine gro\u00dfe pr\u00e4parative S\u00e4ule Siebplatte ist bequem f\u00fcr das Laden und Entladen mit guter Abdichtung Leistung gezwungen Verteilung.<\/li>\n<li>Der Hydraulikzylinder wird von erstklassigen Herstellern mit Qualit\u00e4tsgarantie entwickelt und hergestellt.<\/li>\n<li>Mehrere Auswahlm\u00f6glichkeiten f\u00fcr den Materialkontakt mit der Fl\u00fcssigkeit: 316 Edelstahl \/ PTFE \/ PEEK.<\/li>\n<\/ul>\n<h2>\n\t\tDAC 50\/650\n\t<\/h2>\n\t\t\t\t<a href=\"https:\/\/alphaprobiotech.com\/de\/produkt\/dac-system-50\/\" target=\"_blank\" rel=\"noopener\" itemprop=\"url\">\n\t\t\t\t<img loading=\"lazy\" decoding=\"async\" src=\"https:\/\/alphaprobiotech.com\/wp-content\/uploads\/2023\/12\/DAC10-LOGO.jpg\" alt=\"Alphapro DAC System\" itemprop=\"image\" height=\"800\" width=\"800\" title=\"Alphapro DAC-System\" onerror=\"this.style.display='none'\"  \/>\n\t\t\t\t<\/a>\n<h2>\n\t\tDAC 80\/650\n\t<\/h2>\n\t\t\t\t<a href=\"https:\/\/alphaprobiotech.com\/de\/produkt\/dac-system-80\/\" target=\"_blank\" rel=\"noopener\" itemprop=\"url\">\n\t\t\t\t<img loading=\"lazy\" decoding=\"async\" src=\"https:\/\/alphaprobiotech.com\/wp-content\/uploads\/2023\/12\/DAC10-LOGO.jpg\" alt=\"Alphapro DAC System\" itemprop=\"image\" height=\"800\" width=\"800\" title=\"Alphapro DAC-System\" onerror=\"this.style.display='none'\"  \/>\n\t\t\t\t<\/a>\n<h2>\n\t\tDAC 100\/650\n\t<\/h2>\n\t\t\t\t<a href=\"https:\/\/alphaprobiotech.com\/de\/produkt\/dac-system-100\/\" target=\"_blank\" rel=\"noopener\" itemprop=\"url\">\n\t\t\t\t<img loading=\"lazy\" decoding=\"async\" src=\"https:\/\/alphaprobiotech.com\/wp-content\/uploads\/2023\/12\/DAClogo.jpg\" alt=\"DAClogo\" itemprop=\"image\" height=\"500\" width=\"500\" title=\"DAClogo\" onerror=\"this.style.display='none'\"  \/>\n\t\t\t\t<\/a>\n<h2>\n\t\tDAC 150\/650\n\t<\/h2>\n\t\t\t\t<a href=\"https:\/\/alphaprobiotech.com\/de\/produkt\/dac-system-150\/\" target=\"_blank\" rel=\"noopener\" itemprop=\"url\">\n\t\t\t\t<img loading=\"lazy\" decoding=\"async\" src=\"https:\/\/alphaprobiotech.com\/wp-content\/uploads\/2023\/12\/DAClogo.jpg\" alt=\"DAClogo\" itemprop=\"image\" height=\"500\" width=\"500\" title=\"DAClogo\" onerror=\"this.style.display='none'\"  \/>\n\t\t\t\t<\/a>\n<h2>\n\t\tDAC 200\/650\n\t<\/h2>\n\t\t\t\t<a href=\"https:\/\/alphaprobiotech.com\/de\/produkt\/dac-system-200\/\" target=\"_blank\" rel=\"noopener\" itemprop=\"url\">\n\t\t\t\t<img loading=\"lazy\" decoding=\"async\" src=\"https:\/\/alphaprobiotech.com\/wp-content\/uploads\/2023\/12\/DAClogo.jpg\" alt=\"DAClogo\" itemprop=\"image\" height=\"500\" width=\"500\" title=\"DAClogo\" onerror=\"this.style.display='none'\"  \/>\n\t\t\t\t<\/a>\n<h2>\n\t\tDAC 300\/650\n\t<\/h2>\n\t\t\t\t<a href=\"https:\/\/alphaprobiotech.com\/de\/produkt\/dac-system-300\/\" target=\"_blank\" rel=\"noopener\" itemprop=\"url\">\n\t\t\t\t<img loading=\"lazy\" decoding=\"async\" src=\"https:\/\/alphaprobiotech.com\/wp-content\/uploads\/2023\/12\/DAClogo.jpg\" alt=\"DAClogo\" itemprop=\"image\" height=\"500\" width=\"500\" title=\"DAClogo\" onerror=\"this.style.display='none'\"  \/>\n\t\t\t\t<\/a>","protected":false},"excerpt":{"rendered":"<p>Dynamic Axial Compression Column Dynamic axial compression column (DAC) system, is the most mature area of preparative chromatography using the technology of packing column. The DAC column maintains its own pressure, discharges packing materials automatically, and functions as a high-performance liquid chromatography and column packing column machine. Using the DAC system can completely satisfy the [&hellip;]<\/p>","protected":false},"author":1,"featured_media":0,"parent":0,"menu_order":0,"comment_status":"closed","ping_status":"closed","template":"","meta":{"site-sidebar-layout":"default","site-content-layout":"","ast-site-content-layout":"","site-content-style":"default","site-sidebar-style":"default","ast-global-header-display":"","ast-banner-title-visibility":"","ast-main-header-display":"","ast-hfb-above-header-display":"","ast-hfb-below-header-display":"","ast-hfb-mobile-header-display":"","site-post-title":"disabled","ast-breadcrumbs-content":"","ast-featured-img":"","footer-sml-layout":"","theme-transparent-header-meta":"","adv-header-id-meta":"","stick-header-meta":"","header-above-stick-meta":"","header-main-stick-meta":"","header-below-stick-meta":"","astra-migrate-meta-layouts":"","ast-page-background-enabled":"default","ast-page-background-meta":{"desktop":{"background-color":"var(--ast-global-color-4)","background-image":"","background-repeat":"repeat","background-position":"center center","background-size":"auto","background-attachment":"scroll","background-type":"","background-media":"","overlay-type":"","overlay-color":"","overlay-gradient":""},"tablet":{"background-color":"","background-image":"","background-repeat":"repeat","background-position":"center center","background-size":"auto","background-attachment":"scroll","background-type":"","background-media":"","overlay-type":"","overlay-color":"","overlay-gradient":""},"mobile":{"background-color":"","background-image":"","background-repeat":"repeat","background-position":"center center","background-size":"auto","background-attachment":"scroll","background-type":"","background-media":"","overlay-type":"","overlay-color":"","overlay-gradient":""}},"ast-content-background-meta":{"desktop":{"background-color":"var(--ast-global-color-5)","background-image":"","background-repeat":"repeat","background-position":"center center","background-size":"auto","background-attachment":"scroll","background-type":"","background-media":"","overlay-type":"","overlay-color":"","overlay-gradient":""},"tablet":{"background-color":"var(--ast-global-color-5)","background-image":"","background-repeat":"repeat","background-position":"center center","background-size":"auto","background-attachment":"scroll","background-type":"","background-media":"","overlay-type":"","overlay-color":"","overlay-gradient":""},"mobile":{"background-color":"var(--ast-global-color-5)","background-image":"","background-repeat":"repeat","background-position":"center center","background-size":"auto","background-attachment":"scroll","background-type":"","background-media":"","overlay-type":"","overlay-color":"","overlay-gradient":""}},"footnotes":""},"_links":{"self":[{"href":"https:\/\/alphaprobiotech.com\/de\/wp-json\/wp\/v2\/pages\/148"}],"collection":[{"href":"https:\/\/alphaprobiotech.com\/de\/wp-json\/wp\/v2\/pages"}],"about":[{"href":"https:\/\/alphaprobiotech.com\/de\/wp-json\/wp\/v2\/types\/page"}],"author":[{"embeddable":true,"href":"https:\/\/alphaprobiotech.com\/de\/wp-json\/wp\/v2\/users\/1"}],"replies":[{"embeddable":true,"href":"https:\/\/alphaprobiotech.com\/de\/wp-json\/wp\/v2\/comments?post=148"}],"version-history":[{"count":0,"href":"https:\/\/alphaprobiotech.com\/de\/wp-json\/wp\/v2\/pages\/148\/revisions"}],"wp:attachment":[{"href":"https:\/\/alphaprobiotech.com\/de\/wp-json\/wp\/v2\/media?parent=148"}],"curies":[{"name":"wp","href":"https:\/\/api.w.org\/{rel}","templated":true}]}}